{"id":177,"date":"2025-06-20T11:52:32","date_gmt":"2025-06-20T11:52:32","guid":{"rendered":"https:\/\/eccofort.eu\/?page_id=177"},"modified":"2025-06-20T12:20:52","modified_gmt":"2025-06-20T12:20:52","slug":"publikationen","status":"publish","type":"page","link":"https:\/\/eccofort.eu\/en\/publikationen\/","title":{"rendered":"Publications"},"content":{"rendered":"<p class=\"has-medium-font-size eplus-wrapper\">Browse through online publications from various subject areas in which ECCOFORT and its members have made significant contributions.<\/p>\n\n\n\n<h2 class=\"wp-block-heading eplus-wrapper\">FORTE CULTURA - European Cultural Route Fortified Monuments<\/h2>\n\n\n<div class=\"wp-block-columns has-background eplus-wrapper is-layout-flex wp-container-core-columns-is-layout-74d018ca wp-block-columns-is-layout-flex eplus-styles-uid-ddcc20\" style=\"background:linear-gradient(181deg,rgb(246,246,246) 0%,rgb(242,242,242) 100%);padding-top:var(--wp--preset--spacing--20);padding-right:var(--wp--preset--spacing--20);padding-bottom:var(--wp--preset--spacing--20);padding-left:var(--wp--preset--spacing--20)\">\n<div class=\"wp-block-column is-vertically-aligned-center eplus-wrapper is-layout-flow wp-block-column-is-layout-flow\" style=\"flex-basis:15%\"><figure class=\"wp-block-image aligncenter size-large is-resized eplus-wrapper eplus-styles-uid-73f89d\"><a href=\"https:\/\/www.eccofort.eu\/wp-content\/uploads\/publications\/FoCu-handbook_hist-tech\/index.html\" target=\"_blank\" rel=\" noreferrer noopener\"><img decoding=\"async\" src=\"https:\/\/www.eccofort.eu\/wp-content\/uploads\/publications\/FoCu-handbook_hist-tech\/cover.jpg\" alt=\"\" style=\"width:139px;height:auto\"><\/a><\/figure><\/div>\n\n\n\n<div class=\"wp-block-column is-vertically-aligned-center eplus-wrapper is-layout-flow wp-block-column-is-layout-flow\" style=\"flex-basis:66.66%\">\n<p class=\"has-medium-font-size eplus-wrapper\"><strong><a href=\"https:\/\/www.eccofort.eu\/wp-content\/uploads\/publications\/FoCu-handbook_hist-tech\/index.html\" target=\"_blank\" rel=\"noreferrer noopener\">Handbook of typical historic technologies of fortress conctruction<\/a><\/strong> <strong>(EN)<\/strong><\/p>\n\n\n\n<p class=\"has-medium-font-size eplus-wrapper\">Saving of European Cultural Heritage Fortified Monuments in Central Europe<\/p>\n\n\n\n<p class=\"has-small-font-size eplus-wrapper\"><em>Result of transnational cooperation in the project Forte Cultura to capitalise fortified cultural heritage for sustainable development and competitiveness of cities and regions, gef\u00f6rdert durch die EU im Programm CENTRAL EUROPE 20112-2014<\/em><\/p>\n<\/div>\n<\/div>\n\n<div class=\"wp-block-columns has-background eplus-wrapper is-layout-flex wp-container-core-columns-is-layout-74d018ca wp-block-columns-is-layout-flex eplus-styles-uid-428d82\" style=\"background:linear-gradient(181deg,rgb(246,246,246) 0%,rgb(242,242,242) 100%);padding-top:var(--wp--preset--spacing--20);padding-right:var(--wp--preset--spacing--20);padding-bottom:var(--wp--preset--spacing--20);padding-left:var(--wp--preset--spacing--20)\">\n<div class=\"wp-block-column is-vertically-aligned-center eplus-wrapper is-layout-flow wp-block-column-is-layout-flow\" style=\"flex-basis:15%\"><figure class=\"wp-block-image aligncenter size-large is-resized eplus-wrapper eplus-styles-uid-73f89d\"><a href=\"https:\/\/www.eccofort.eu\/wp-content\/uploads\/publications\/FoCu-handbook_hist-tech\/index.html\" target=\"_blank\" rel=\" noreferrer noopener\"><img decoding=\"async\" src=\"https:\/\/www.eccofort.eu\/wp-content\/uploads\/publications\/SM-Concept_en\/Cover_SM-Concept_web.jpg\" alt=\"\" style=\"width:139px;height:auto\"><\/a><\/figure><\/div>\n\n\n\n<div class=\"wp-block-column is-vertically-aligned-center eplus-wrapper is-layout-flow wp-block-column-is-layout-flow\" style=\"flex-basis:66.66%\">\n<p class=\"has-medium-font-size eplus-wrapper\"><strong><a href=\"https:\/\/www.eccofort.eu\/wp-content\/uploads\/publications\/SM-Concept_en\/index.html\" target=\"_blank\" rel=\"noreferrer noopener\">Social Media Concept for Fortified Heritage<\/a> (EN)<\/strong><\/p>\n\n\n\n<p class=\"has-medium-font-size eplus-wrapper\">Concept for implementing social networking to improve communication about the fortress heritage, increase awareness, establish contacts and mobilise new target groups<\/p>\n\n\n\n<p class=\"has-small-font-size eplus-wrapper\"><em>Result of transnational cooperation in the project Forte Cultura to capitalise fortified cultural heritage for sustainable development and competitiveness of cities and regions, gef\u00f6rdert durch die EU im Programm CENTRAL EUROPE 20112-2014<\/em><\/p>\n<\/div>\n<\/div>\n\n<div class=\"wp-block-columns has-background eplus-wrapper is-layout-flex wp-container-core-columns-is-layout-74d018ca wp-block-columns-is-layout-flex eplus-styles-uid-19beee\" style=\"background:linear-gradient(181deg,rgb(246,246,246) 0%,rgb(242,242,242) 100%);padding-top:var(--wp--preset--spacing--20);padding-right:var(--wp--preset--spacing--20);padding-bottom:var(--wp--preset--spacing--20);padding-left:var(--wp--preset--spacing--20)\">\n<div class=\"wp-block-column is-vertically-aligned-center eplus-wrapper is-layout-flow wp-block-column-is-layout-flow\" style=\"flex-basis:15%\"><figure class=\"wp-block-image aligncenter size-large is-resized eplus-wrapper eplus-styles-uid-73f89d\"><a href=\"https:\/\/www.eccofort.eu\/wp-content\/uploads\/publications\/EM-Guide_en\/index.html\" target=\"_blank\" rel=\" noreferrer noopener\"><img decoding=\"async\" src=\"https:\/\/www.eccofort.eu\/wp-content\/uploads\/publications\/EM-Guide_en\/Cover_EM-Guideline_web.jpg\" alt=\"\" style=\"width:139px;height:auto\"><\/a><\/figure><\/div>\n\n\n\n<div class=\"wp-block-column is-vertically-aligned-center eplus-wrapper is-layout-flow wp-block-column-is-layout-flow\" style=\"flex-basis:66.66%\">\n<p class=\"has-medium-font-size eplus-wrapper\"><strong><a href=\"https:\/\/www.eccofort.eu\/wp-content\/uploads\/publications\/EM-Guide_en\/index.html\" target=\"_blank\" rel=\"noreferrer noopener\">E-Marketing Guideline for Fortified Heritage<\/a> (EN)<\/strong><\/p>\n\n\n\n<p class=\"has-medium-font-size eplus-wrapper\">Manual on the use of e-marketing tools for the fortified cultural heritage<\/p>\n\n\n\n<p class=\"has-small-font-size eplus-wrapper\"><em>Result of transnational cooperation in the project Forte Cultura to capitalise fortified cultural heritage for sustainable development and competitiveness of cities and regions, gef\u00f6rdert durch die EU im Programm CENTRAL EUROPE 20112-2014<\/em><\/p>\n<\/div>\n<\/div>\n\n\n<p class=\"eplus-wrapper\"><\/p>\n\n\n\n<h2 class=\"wp-block-heading eplus-wrapper\" style=\"margin-top:var(--wp--preset--spacing--50)\">Baltic Fort Route Project<\/h2>\n\n\n<div class=\"wp-block-columns has-background eplus-wrapper is-layout-flex wp-container-core-columns-is-layout-74d018ca wp-block-columns-is-layout-flex eplus-styles-uid-b81578\" style=\"background:linear-gradient(181deg,rgb(246,246,246) 0%,rgb(242,242,242) 100%);padding-top:var(--wp--preset--spacing--20);padding-right:var(--wp--preset--spacing--20);padding-bottom:var(--wp--preset--spacing--20);padding-left:var(--wp--preset--spacing--20)\">\n<div class=\"wp-block-column is-vertically-aligned-center eplus-wrapper is-layout-flow wp-block-column-is-layout-flow\" style=\"flex-basis:15%\"><figure class=\"wp-block-image aligncenter size-large is-resized eplus-wrapper eplus-styles-uid-73f89d\"><a href=\"https:\/\/www.eccofort.eu\/wp-content\/uploads\/publications\/BFR\/handbook\/index.html\" target=\"_blank\" rel=\" noreferrer noopener\"><img decoding=\"async\" src=\"https:\/\/www.eccofort.eu\/wp-content\/uploads\/publications\/BFR\/handbook\/cover_BFR-handbook.jpg\" alt=\"\" style=\"width:139px;height:auto\"><\/a><\/figure><\/div>\n\n\n\n<div class=\"wp-block-column is-vertically-aligned-center eplus-wrapper is-layout-flow wp-block-column-is-layout-flow\" style=\"flex-basis:66.66%\">\n<p class=\"has-medium-font-size eplus-wrapper\"><strong><a href=\"https:\/\/www.eccofort.eu\/wp-content\/uploads\/publications\/BFR\/handbook\/index.html\" target=\"_blank\" rel=\"noreferrer noopener\">Guideline Appropriate Monumental Use of Fortresses<\/a> (EN)<\/strong><\/p>\n\n\n\n<p class=\"has-medium-font-size eplus-wrapper\">Documentation and recommended proceeding<\/p>\n\n\n\n<p class=\"has-small-font-size eplus-wrapper\"><em>Result of transnational cooperation in the Baltic Fort Route project, funded by the EU in the Interreg Baltic Sea programme 2004-2006<\/em><\/p>\n<\/div>\n<\/div>\n\n<div class=\"wp-block-columns has-background eplus-wrapper is-layout-flex wp-container-core-columns-is-layout-74d018ca wp-block-columns-is-layout-flex eplus-styles-uid-f5114a\" style=\"background:linear-gradient(181deg,rgb(246,246,246) 0%,rgb(242,242,242) 100%);padding-top:var(--wp--preset--spacing--20);padding-right:var(--wp--preset--spacing--20);padding-bottom:var(--wp--preset--spacing--20);padding-left:var(--wp--preset--spacing--20)\">\n<div class=\"wp-block-column is-vertically-aligned-center eplus-wrapper is-layout-flow wp-block-column-is-layout-flow\" style=\"flex-basis:15%\"><figure class=\"wp-block-image aligncenter size-large is-resized eplus-wrapper eplus-styles-uid-73f89d\"><a href=\"https:\/\/www.eccofort.eu\/wp-content\/uploads\/publications\/BFR\/brochure\/index.html\" target=\"_blank\" rel=\" noreferrer noopener\"><img decoding=\"async\" src=\"https:\/\/www.eccofort.eu\/wp-content\/uploads\/publications\/BFR\/brochure\/cover_BFR-brochure2008.jpg\" alt=\"\" style=\"width:139px;height:auto\"><\/a><\/figure><\/div>\n\n\n\n<div class=\"wp-block-column is-vertically-aligned-center eplus-wrapper is-layout-flow wp-block-column-is-layout-flow\" style=\"flex-basis:66.66%\">\n<p class=\"has-medium-font-size eplus-wrapper\"><strong><a href=\"https:\/\/www.eccofort.eu\/wp-content\/uploads\/publications\/BFR\/brochure\/index.html\" target=\"_blank\" rel=\"noreferrer noopener\">Image brochure Baltic Fort Route<\/a> (EN)<\/strong><\/p>\n\n\n\n<p class=\"has-medium-font-size eplus-wrapper\">Tourist information brochure on the Baltic fortresses in the Baltic Fort Route project<\/p>\n\n\n\n<p class=\"has-small-font-size eplus-wrapper\"><em>Result of transnational cooperation in the Baltic Fort Route project, funded by the EU in the Interreg Baltic Sea programme 2004-2006<\/em><\/p>\n<\/div>\n<\/div>\n\n\n<p class=\"eplus-wrapper\"><\/p>\n\n\n\n<p class=\"eplus-wrapper\"><\/p>","protected":false},"excerpt":{"rendered":"<p>St\u00f6bern Sie durch Online-Publikationen aus verschiedenen Themengebieten, an denen ECCOFORT und seine Mitglieder ma\u00dfgeblich mitgewirkt haben. FORTE CULTURA &#8211; Europ\u00e4ische Kulturroute Festungsmonumente Handbuch typischer historischer Technologien des Festungsbaus (EN) Erhaltung des europ\u00e4ischen Kulturerbes Festungsanlagen in Mitteleuropa Ergebnis der transnationalen Zusammenarbeit im Projekt Forte Cultura zur Nutzung des befestigten Kulturerbes f\u00fcr die nachhaltige Entwicklung und Wettbewerbsf\u00e4higkeit [&hellip;]<\/p>\n","protected":false},"author":1,"featured_media":0,"parent":0,"menu_order":0,"comment_status":"closed","ping_status":"closed","template":"","meta":{"editor_plus_copied_stylings":"{}","pgc_sgb_lightbox_settings":"","footnotes":""},"class_list":["post-177","page","type-page","status-publish","hentry"],"_links":{"self":[{"href":"https:\/\/eccofort.eu\/en\/wp-json\/wp\/v2\/pages\/177","targetHints":{"allow":["GET"]}}],"collection":[{"href":"https:\/\/eccofort.eu\/en\/wp-json\/wp\/v2\/pages"}],"about":[{"href":"https:\/\/eccofort.eu\/en\/wp-json\/wp\/v2\/types\/page"}],"author":[{"embeddable":true,"href":"https:\/\/eccofort.eu\/en\/wp-json\/wp\/v2\/users\/1"}],"replies":[{"embeddable":true,"href":"https:\/\/eccofort.eu\/en\/wp-json\/wp\/v2\/comments?post=177"}],"version-history":[{"count":14,"href":"https:\/\/eccofort.eu\/en\/wp-json\/wp\/v2\/pages\/177\/revisions"}],"predecessor-version":[{"id":244,"href":"https:\/\/eccofort.eu\/en\/wp-json\/wp\/v2\/pages\/177\/revisions\/244"}],"wp:attachment":[{"href":"https:\/\/eccofort.eu\/en\/wp-json\/wp\/v2\/media?parent=177"}],"curies":[{"name":"wp","href":"https:\/\/api.w.org\/{rel}","templated":true}]}}