{"id":2,"date":"2025-06-07T10:58:48","date_gmt":"2025-06-07T10:58:48","guid":{"rendered":"https:\/\/eccofort.eu\/?page_id=2"},"modified":"2025-06-08T10:56:43","modified_gmt":"2025-06-08T10:56:43","slug":"sample-page","status":"publish","type":"page","link":"https:\/\/eccofort.eu\/en\/","title":{"rendered":"ECCOFORT e.V."},"content":{"rendered":"<p class=\"eplus-wrapper translation-block\">ECCOFORT (<strong>E<\/strong>uropean <strong>C<\/strong>ooperation <strong>C<\/strong>entre <strong>o<\/strong>f <strong>Fort<\/strong>ified Heritage) is an institution for research, protection, appropriate use of monuments, effective management and marketing of the historically and culturally significant fortified heritage in Europe.<\/p>\n\n\n\n<blockquote class=\"wp-block-quote has-background eplus-wrapper is-layout-flow wp-block-quote-is-layout-flow\" style=\"background-color:#f6f6f6\">\n<p class=\"is-style-default has-contrast-color has-text-color has-link-color eplus-wrapper wp-elements-0322ae98e9d064a5d3f7a83228b5f212 translation-block\">ECCOFORT specialises in the <strong>development and implementation of European cooperation projects on shared cultural heritage<\/strong>, such as cross-border tourism brands.<\/p>\n<\/blockquote>\n\n\n\n<p class=\"eplus-wrapper\">With our network, we have been researching and valorising European cultural heritage, organising international conferences and projects, preparing scientific and practical reports and publishing work and research results for more than twenty years.<\/p>\n\n\n\n<p class=\"eplus-wrapper\">ECCOFORT is a non-governmental organisation (NGO).<\/p>\n\n\n\n<p class=\"eplus-wrapper\"><\/p>\n\n\n\n<p class=\"eplus-wrapper\"><\/p>","protected":false},"excerpt":{"rendered":"<p>ECCOFORT (European Cooperation Centre of Fortified Heritage) ist eine Institution f\u00fcr Forschung, Schutz, angemessene Denkmalnutzung, effektives Management sowie Vermarktung des historisch-kulturell bedeutsamen Festungserbes in Europa. ECCOFORT ist auf die Entwicklung und Implementierung von europ\u00e4ischen Kooperationsprojekten zum gemeinsamen Kulturerbe spezialisiert, beispielsweise grenz\u00fcbergreifende Tourismusmarken. Mit unserem Netzwerk forschen und valorisieren wir europ\u00e4isches Kulturerbe, organisieren internationale Konferenzen und [&hellip;]<\/p>\n","protected":false},"author":1,"featured_media":0,"parent":0,"menu_order":0,"comment_status":"open","ping_status":"closed","template":"","meta":{"editor_plus_copied_stylings":"{}","pgc_sgb_lightbox_settings":"","footnotes":""},"class_list":["post-2","page","type-page","status-publish","hentry"],"_links":{"self":[{"href":"https:\/\/eccofort.eu\/en\/wp-json\/wp\/v2\/pages\/2","targetHints":{"allow":["GET"]}}],"collection":[{"href":"https:\/\/eccofort.eu\/en\/wp-json\/wp\/v2\/pages"}],"about":[{"href":"https:\/\/eccofort.eu\/en\/wp-json\/wp\/v2\/types\/page"}],"author":[{"embeddable":true,"href":"https:\/\/eccofort.eu\/en\/wp-json\/wp\/v2\/users\/1"}],"replies":[{"embeddable":true,"href":"https:\/\/eccofort.eu\/en\/wp-json\/wp\/v2\/comments?post=2"}],"version-history":[{"count":7,"href":"https:\/\/eccofort.eu\/en\/wp-json\/wp\/v2\/pages\/2\/revisions"}],"predecessor-version":[{"id":45,"href":"https:\/\/eccofort.eu\/en\/wp-json\/wp\/v2\/pages\/2\/revisions\/45"}],"wp:attachment":[{"href":"https:\/\/eccofort.eu\/en\/wp-json\/wp\/v2\/media?parent=2"}],"curies":[{"name":"wp","href":"https:\/\/api.w.org\/{rel}","templated":true}]}}