{"id":47,"date":"2025-06-08T11:01:51","date_gmt":"2025-06-08T11:01:51","guid":{"rendered":"https:\/\/eccofort.eu\/?page_id=47"},"modified":"2025-06-09T09:34:01","modified_gmt":"2025-06-09T09:34:01","slug":"projekte","status":"publish","type":"page","link":"https:\/\/eccofort.eu\/en\/projekte\/","title":{"rendered":"Projects"},"content":{"rendered":"<p class=\"has-medium-font-size eplus-wrapper\">ECCOFORT specialises in the development and implementation of European cooperation projects, such as cross-border tourism brands. We support our partners from the idea to the realisation of their projects and campaigns.<\/p>\n\n\n<div  class=\"ultp-post-grid-block wp-block-ultimate-post-post-grid-2 ultp-block-810803\"><div class=\"ultp-block-wrapper\"><div class=\"ultp-loading\"><div class=\"ultp-loading-blocks\" style=\"width:100%;height:100%;\"><div style=\"left: 0;top: 0;animation-delay:0s;\"><\/div><div style=\"left: 21px;top: 0;animation-delay:0.125s;\"><\/div><div style=\"left: 42px;top: 0;animation-delay:0.25s;\"><\/div><div style=\"left: 0;top: 21px;animation-delay:0.875s;\"><\/div><div style=\"left: 42px;top: 21px;animation-delay:0.375s;\"><\/div><div style=\"left: 0;top: 42px;animation-delay:0.75s;\"><\/div><div style=\"left: 42px;top: 42px;animation-delay:0.625s;\"><\/div><div style=\"left: 21px;top: 42px;animation-delay:0.5s;\"><\/div><\/div><\/div><div class=\"ultp-block-items-wrap ultp-block-row\"><div class=\"ultp-block-item post-id-67\"><div class=\"ultp-block-content-wrap ultp-block-content-overlay\"><div class=\"ultp-block-image ultp-block-image-zoomOut ultp-block-image-overlay ultp-block-image-flat\"><a href=\"https:\/\/eccofort.eu\/en\/projekte\/forte-cultura\/\" ><img decoding=\"async\"  alt=\"FORTE CULTURA Projekt 2011-2014\"  src=\"https:\/\/eccofort.eu\/wp-content\/uploads\/2025\/06\/Tagung_ForteCultura_20160625-870x570.jpg\" \/><\/a><\/div><div class=\"ultp-block-content ultp-block-content-bottomPosition\"><div class=\"ultp-block-content-inner\"><h3 class=\"ultp-block-title\"><a href=\"https:\/\/eccofort.eu\/en\/projekte\/forte-cultura\/\" >FORTE CULTURA Project 2011-2014<\/a><\/h3><div class=\"ultp-block-excerpt\"><p>The project created a new framework for the preservation, touristic utilisation and economic consolidation of the cultural heritage of fortress monuments. This includes the European Cultural Route and a responsible management organisation.<\/p>\n<\/div><\/div><\/div><\/div><\/div><div class=\"ultp-block-item post-id-84\"><div class=\"ultp-block-content-wrap ultp-block-content-overlay\"><div class=\"ultp-block-image ultp-block-image-zoomOut ultp-block-image-overlay ultp-block-image-flat\"><a href=\"https:\/\/eccofort.eu\/en\/projekte\/baltic-fort-route\/\" ><img decoding=\"async\"  src=\"https:\/\/eccofort.eu\/wp-content\/plugins\/ultimate-post\/assets\/img\/ultp-fallback-img.png\" alt=\"dummy-img\" \/><\/a><\/div><div class=\"ultp-block-content ultp-block-content-bottomPosition\"><div class=\"ultp-block-content-inner\"><h3 class=\"ultp-block-title\"><a href=\"https:\/\/eccofort.eu\/en\/projekte\/baltic-fort-route\/\" >Baltic Fort Route<\/a><\/h3><div class=\"ultp-block-excerpt\"><p>The INTERREG-III-B-project \u201cBaltic Culture and Tourism Route Fortresses\u201d was a successful development project in the Baltic Sea Region containing different practical results for the protection, utilisation and management of fortress...<\/p>\n<\/div><\/div><\/div><\/div><\/div><div class=\"ultp-block-item post-id-92\"><div class=\"ultp-block-content-wrap ultp-block-content-overlay\"><div class=\"ultp-block-image ultp-block-image-zoomOut ultp-block-image-overlay ultp-block-image-flat\"><a href=\"https:\/\/eccofort.eu\/en\/projekte\/erinnerung-verbindet\/\" ><img decoding=\"async\"  alt=\"Erinnerung verbindet\"  src=\"https:\/\/eccofort.eu\/wp-content\/uploads\/2025\/06\/20230321_154049_1-870x570.jpg\" \/><\/a><\/div><div class=\"ultp-block-content ultp-block-content-bottomPosition\"><div class=\"ultp-block-content-inner\"><h3 class=\"ultp-block-title\"><a href=\"https:\/\/eccofort.eu\/en\/projekte\/erinnerung-verbindet\/\" >Remembrance Connects<\/a><\/h3><div class=\"ultp-block-excerpt\"><p>Around 200 places of remembrance in the Oder-Warthe region offer individual and multi-layered insights into the region's eventful history. Taken together, they have great potential for sustainable tourist attractions with international appeal.<\/p>\n<\/div><\/div><\/div><\/div><\/div><div class=\"ultp-block-item post-id-104\"><div class=\"ultp-block-content-wrap ultp-block-content-overlay\"><div class=\"ultp-block-image ultp-block-image-zoomOut ultp-block-image-overlay ultp-block-image-flat\"><a href=\"https:\/\/eccofort.eu\/en\/projekte\/spuren-der-johanniter\/\" ><img decoding=\"async\"  alt=\"Spuren der Johanniter\"  src=\"https:\/\/eccofort.eu\/wp-content\/uploads\/2025\/06\/JOH-Kreuz-web_T.Drewing-870x570.jpg\" \/><\/a><\/div><div class=\"ultp-block-content ultp-block-content-bottomPosition\"><div class=\"ultp-block-content-inner\"><h3 class=\"ultp-block-title\"><a href=\"https:\/\/eccofort.eu\/en\/projekte\/spuren-der-johanniter\/\" >Traces of St. John<\/a><\/h3><div class=\"ultp-block-excerpt\"><p>ECCOFORT has supported the development and implementation of a new cross-border tourist route on the history of the Order of St John in the Oder-Warthe region at various levels.<\/p>\n<\/div><\/div><\/div><\/div><\/div><div class=\"ultp-block-item post-id-114\"><div class=\"ultp-block-content-wrap ultp-block-content-overlay\"><div class=\"ultp-block-image ultp-block-image-zoomOut ultp-block-image-overlay ultp-block-image-flat\"><a href=\"https:\/\/eccofort.eu\/en\/projekte\/museumsunterricht\/\" ><img decoding=\"async\"  src=\"https:\/\/eccofort.eu\/wp-content\/plugins\/ultimate-post\/assets\/img\/ultp-fallback-img.png\" alt=\"dummy-img\" \/><\/a><\/div><div class=\"ultp-block-content ultp-block-content-bottomPosition\"><div class=\"ultp-block-content-inner\"><h3 class=\"ultp-block-title\"><a href=\"https:\/\/eccofort.eu\/en\/projekte\/museumsunterricht\/\" >Museum education Oder-Warta<\/a><\/h3><div class=\"ultp-block-excerpt\"><p>On behalf of the district of M\u00e4rkisch-Oderland, ECCOFORT analysed the conditions for the implementation of joint museum education at the Seelow Heights Memorial (DE) and the MRU Museum Oder-Warthe Fortress Arch (PL). It was developed...<\/p>\n<\/div><\/div><\/div><\/div><\/div><\/div><\/div><div class=\"pagination-block-html\" aria-hidden=\"true\" style=\"display: none;\"><\/div><\/div>\n\n\n<div class=\"wp-block-kadence-spacer aligncenter kt-block-spacer-47_4230ae-bd\"><div class=\"kt-block-spacer kt-block-spacer-halign-center\"><hr class=\"kt-divider\"\/><\/div><\/div>\n\n\n\n<h2 class=\"wp-block-heading eplus-wrapper\">Consulting<\/h2>\n\n\n\n<p class=\"has-medium-font-size eplus-wrapper\">ECCOFORT is a specialised service provider for fortified monuments. Our activities aim at strengthening the economic basis of fortified monuments by improving market presence and tourism, cooperation in networks as well as initiating community projects.<\/p>\n\n\n<ul class=\"wp-block-list has-medium-font-size eplus-wrapper eplus-styles-uid-30dfa7\">\n<li class=\"eplus-wrapper\">Fortress marketing and market implementation<\/li>\n\n\n\n<li class=\"eplus-wrapper\">E-Marketing Solutions, Social Network, Online Tools<\/li>\n\n\n\n<li class=\"eplus-wrapper\">Initiation of uses and investments in unused real estate of fortress monuments<\/li>\n\n\n\n<li class=\"eplus-wrapper\">Use concepts for fortress monuments and implementation<\/li>\n\n\n\n<li class=\"eplus-wrapper\">Revitalisation concepts<\/li>\n\n\n\n<li class=\"eplus-wrapper\">Development of tourism offers and tourism products in cultural and active tourism<\/li>\n\n\n\n<li class=\"eplus-wrapper\">Consulting in heritage conservation strategies and restoration technologies<\/li>\n\n\n\n<li class=\"eplus-wrapper\">Development of trans-national projects<\/li>\n\n\n\n<li class=\"eplus-wrapper\">Structuring and archiving information and data on fortifications<\/li>\n<\/ul>\n\n\n<p class=\"has-medium-font-size eplus-wrapper\">This involves the using of various European funding instruments, e.g. EU INTERREG programmes for cross-border cooperation, for cooperation between European development areas or throughout Europe. Contact us!<\/p>","protected":false},"excerpt":{"rendered":"<p>ECCOFORT ist auf die Entwicklung und Implementierung von europ\u00e4ischen Kooperationsprojekten spezialisiert, beispielsweise grenz\u00fcbergreifende Tourismusmarken. Wir begleiten unsere Partner von der Idee bis zur Umsetzung ihrer Projekte und Kampagnen. Consulting ECCOFORT ist ein spezialisierter Dienstleister f\u00fcr Festungsdenkm\u00e4ler und befestigte Bauwerke. Unsere Aktivit\u00e4ten zielen auf die St\u00e4rkung der wirtschaftlichen Basis von Festungsmonumenten durch die Verbesserung von Marktpr\u00e4senz [&hellip;]<\/p>\n","protected":false},"author":1,"featured_media":0,"parent":0,"menu_order":0,"comment_status":"closed","ping_status":"closed","template":"","meta":{"editor_plus_copied_stylings":"{}","pgc_sgb_lightbox_settings":"","footnotes":""},"class_list":["post-47","page","type-page","status-publish","hentry"],"_links":{"self":[{"href":"https:\/\/eccofort.eu\/en\/wp-json\/wp\/v2\/pages\/47","targetHints":{"allow":["GET"]}}],"collection":[{"href":"https:\/\/eccofort.eu\/en\/wp-json\/wp\/v2\/pages"}],"about":[{"href":"https:\/\/eccofort.eu\/en\/wp-json\/wp\/v2\/types\/page"}],"author":[{"embeddable":true,"href":"https:\/\/eccofort.eu\/en\/wp-json\/wp\/v2\/users\/1"}],"replies":[{"embeddable":true,"href":"https:\/\/eccofort.eu\/en\/wp-json\/wp\/v2\/comments?post=47"}],"version-history":[{"count":4,"href":"https:\/\/eccofort.eu\/en\/wp-json\/wp\/v2\/pages\/47\/revisions"}],"predecessor-version":[{"id":135,"href":"https:\/\/eccofort.eu\/en\/wp-json\/wp\/v2\/pages\/47\/revisions\/135"}],"wp:attachment":[{"href":"https:\/\/eccofort.eu\/en\/wp-json\/wp\/v2\/media?parent=47"}],"curies":[{"name":"wp","href":"https:\/\/api.w.org\/{rel}","templated":true}]}}