{"id":56,"date":"2025-06-08T11:12:39","date_gmt":"2025-06-08T11:12:39","guid":{"rendered":"https:\/\/eccofort.eu\/?page_id=56"},"modified":"2025-06-20T08:12:45","modified_gmt":"2025-06-20T08:12:45","slug":"kooperation","status":"publish","type":"page","link":"https:\/\/eccofort.eu\/en\/kooperation\/","title":{"rendered":"Cooperation"},"content":{"rendered":"<p style=\"font-size:clamp(1.066rem, 1.066rem + ((1vw - 0.2rem) * 0.916), 1.65rem);\" class=\"eplus-wrapper\"><strong>ICOMOS \/ ICOFORT<\/strong><\/p>\n\n\n\n<p class=\"has-medium-font-size eplus-wrapper\">Initiatives to protect fortified monuments and military heritage<br>Information about activities of Dr.-Ing. Hans-Rudolf Neumann as ICOFORT Voting-Member of the Federal Republic of Germany<\/p>\n\n\n\n<p class=\"has-medium-font-size eplus-wrapper\">ECCOFORT supports the aims and activities of ICOMOS \/ ICOFORT especially in Europe.<\/p>\n\n\n<div class=\"wp-block-columns alignwide are-vertically-aligned-center eplus-wrapper is-layout-flex wp-container-core-columns-is-layout-28f84493 wp-block-columns-is-layout-flex eplus-styles-uid-85e8c3\">\n<div class=\"wp-block-column is-vertically-aligned-center eplus-wrapper is-layout-flow wp-block-column-is-layout-flow\">\n<blockquote class=\"wp-block-quote eplus-wrapper is-layout-flow wp-block-quote-is-layout-flow\">\n<p class=\"has-background has-medium-font-size eplus-wrapper translation-block\" style=\"background-color:#f3f3f3\"><strong>ICOMOS = International Council on Monuments and Sites<\/strong>, is a non-governmental international organisation dedicated to the conservation of the world's monuments and sites. ICOMOS is involved as a consultant and expert in the work of the World Heritage Committee and the fulfillment of UNESCO's World Heritage Convention. National committees already exist in more than 120 countries, and ICOMOS has also more than 25 International Scientific Committees.<\/p>\n<\/blockquote>\n<\/div>\n<\/div>\n\n\n<p class=\"has-medium-font-size eplus-wrapper\"><\/p>\n\n\n\n<blockquote class=\"wp-block-quote eplus-wrapper is-layout-flow wp-block-quote-is-layout-flow\">\n<p class=\"has-background has-medium-font-size eplus-wrapper translation-block\" style=\"background-color:#f3f3f3\"><strong>ICOFORT = International Scientific Committee on Fortifications and Military Heritage<\/strong>, is one of the Scientific Committees, supports ICOMOS with its advice. The subject of interest of ICOFORT is to take care of fortifications and historic works of military engineering, battlefields, defence installations and commemorative monuments.<\/p>\n<\/blockquote>\n\n\n\n<p class=\"eplus-wrapper\"><\/p>\n\n\n\n<h2 class=\"wp-block-heading eplus-wrapper\">Reports <\/h2>\n\n\n\n<p class=\"has-medium-font-size eplus-wrapper\">Annual report 2019<\/p>\n\n\n\n<p class=\"has-medium-font-size eplus-wrapper\"><a href=\"https:\/\/www.eccofort.eu\/wp-content\/uploads\/2025\/06\/ICOMOS-Beitrag-ICOFORT-2019.pdf\" target=\"_blank\" rel=\"noreferrer noopener\">Report (en)<\/a><br><a href=\"https:\/\/www.eccofort.eu\/wp-content\/uploads\/2025\/06\/2019_Presentation-01-engl.pdf\" target=\"_blank\" rel=\"noreferrer noopener\">Presentation 1 (en)<\/a><br><a href=\"https:\/\/www.eccofort.eu\/wp-content\/uploads\/2025\/06\/2019_Presentation-02-engl.pdf\" target=\"_blank\" rel=\"noreferrer noopener\">Presentation 2 (en)<\/a><\/p>\n\n\n\n<p class=\"has-medium-font-size eplus-wrapper\">Annual report 2016<\/p>\n\n\n\n<p class=\"has-medium-font-size eplus-wrapper\">Report<br>Presentation<\/p>\n\n\n\n<p class=\"has-medium-font-size eplus-wrapper\">Annual report 2015<\/p>\n\n\n\n<p class=\"has-medium-font-size eplus-wrapper\"><a href=\"https:\/\/www.eccofort.eu\/wp-content\/uploads\/2025\/06\/ICOFORT-Jahrestagung-2015.pdf\" target=\"_blank\" rel=\"noreferrer noopener\">Report (en)<\/a><br>presentation<\/p>\n\n\n\n<p class=\"has-medium-font-size eplus-wrapper\">Annual report 2014<\/p>\n\n\n\n<p class=\"has-medium-font-size eplus-wrapper\"><a href=\"https:\/\/www.eccofort.eu\/wp-content\/uploads\/2025\/06\/ICOFORT-Jahrestagung-2014.pdf\" target=\"_blank\" rel=\"noreferrer noopener\">Report (en)<\/a><br><a href=\"https:\/\/www.eccofort.eu\/wp-content\/uploads\/2025\/06\/ICOFORT-Oman-2014.pdf\" target=\"_blank\" rel=\"noreferrer noopener\">Presentation (de)<\/a><\/p>\n\n\n\n<p class=\"has-medium-font-size eplus-wrapper\">2013: ICOFORT participates on international conference \"Diyarbakir Fortress and Historical Town\" in Diyarbakir (Turkey)<br><a href=\"https:\/\/www.eccofort.eu\/wp-content\/uploads\/2025\/06\/REPORT-ICOMOS-2013.pdf\" target=\"_blank\" rel=\"noreferrer noopener\">Report (en)<\/a><br><a href=\"https:\/\/www.eccofort.eu\/wp-content\/uploads\/2025\/06\/PRESENTATION-ICOFORT-Diyarbakir-2013.pdf\" target=\"_blank\" rel=\"noreferrer noopener\">Presentation (de)<\/a><\/p>\n\n\n\n<p class=\"has-medium-font-size eplus-wrapper\">2012: Common study seminar of ICOFORT Germany and ICOFORT Cuba for external experts<br><a href=\"https:\/\/www.eccofort.eu\/wp-content\/uploads\/2025\/06\/ICOMOS-Beitrag-Cuba.pdf\" target=\"_blank\" rel=\"noreferrer noopener\">Report (en)<\/a><br><a href=\"https:\/\/www.eccofort.eu\/wp-content\/uploads\/2025\/06\/ICOFORT-Cuba-2012-Muenchen.pdf\" target=\"_blank\" rel=\"noreferrer noopener\">Presentation (de)<\/a><\/p>\n\n\n\n<p class=\"has-medium-font-size eplus-wrapper\">2012: ICOFORT study tour with European experts to Romania<\/p>\n\n\n\n<p class=\"has-medium-font-size eplus-wrapper\">2012: ICOFORT participates on international conference \"Fortifies Ideal Cities\" in Daugavpils (Latvia)<br><a href=\"https:\/\/www.eccofort.eu\/wp-content\/uploads\/2025\/06\/ICOFORT-Jahrestagung-2011_Text-de.pdf\" target=\"_blank\" rel=\"noreferrer noopener\">Report (en)<\/a><br><a href=\"https:\/\/www.eccofort.eu\/wp-content\/uploads\/2025\/06\/ICOFORT-Daugavpils-2011-.pdf\" target=\"_blank\" rel=\"noreferrer noopener\">Presentation (de)<\/a><\/p>\n\n\n\n<p class=\"has-medium-font-size eplus-wrapper\">2011: ICOFORT participates on international conference \"Fortresses once again in use\u201d in Alba Iulia und \u015eimleu Silvaniei (Romania)<br><a href=\"https:\/\/www.eccofort.eu\/wp-content\/uploads\/2025\/06\/ICOFORT-TUSNAD-II-2011-.pdf\" target=\"_blank\" rel=\"noreferrer noopener\">Presentation (de)<\/a><\/p>\n\n\n\n<p class=\"has-medium-font-size eplus-wrapper\">2011: ICOFORT Workshop \"Fortresses and military heritage in Komarom (Hungary) and Komarno (Slovakia)\"<br><a href=\"https:\/\/www.eccofort.eu\/wp-content\/uploads\/2025\/06\/ICOFORT-Komarom-I-2011-.pdf\" target=\"_blank\" rel=\"noreferrer noopener\">Presentation (de)<\/a><\/p>\n\n\n\n<p class=\"has-medium-font-size eplus-wrapper\">Annual report 2010<br><a href=\"https:\/\/www.eccofort.eu\/wp-content\/uploads\/2025\/06\/ICOFORT-Jahrestagung-2010.pdf\" target=\"_blank\" rel=\"noreferrer noopener\">Report (en)<\/a><\/p>\n\n\n\n<p class=\"has-medium-font-size eplus-wrapper\">Annual report 2009<br><a href=\"https:\/\/www.eccofort.eu\/wp-content\/uploads\/2025\/06\/ICOFORT-Jahrestagung-2009.pdf\" target=\"_blank\" rel=\"noreferrer noopener\">Report (en)<\/a><\/p>\n\n\n\n<p class=\"has-medium-font-size eplus-wrapper\">Annual report 2007<br><a href=\"https:\/\/www.eccofort.eu\/wp-content\/uploads\/2025\/06\/ICOFORT-Krakau-2007.pdf\" target=\"_blank\" rel=\"noreferrer noopener\">Report (en)<\/a><\/p>\n\n\n\n<p class=\"has-medium-font-size eplus-wrapper\">2007: Annual Meeting \"Fortresses and military history between Madrid and Ferrol (Spain)\"<br><a href=\"https:\/\/www.eccofort.eu\/wp-content\/uploads\/2025\/06\/ICOFORT-Madrid-2007.pdf\" target=\"_blank\" rel=\"noreferrer noopener\">Presentation (de)<\/a><\/p>","protected":false},"excerpt":{"rendered":"<p>ICOMOS \/ ICOFORT Initiativen zum Schutz befestigter Denkm\u00e4ler und des milit\u00e4rischen ErbesInformationen \u00fcber die T\u00e4tigkeit von Dr.-Ing. Hans-Rudolf Neumann als ICOFORT-Stimmrechtsmitglied der Bundesrepublik Deutschland ECCOFORT unterst\u00fctzt die Ziele und Aktivit\u00e4ten von ICOMOS \/ ICOFORT insbesondere in Europa. ICOMOS = International Council on Monuments and Sites (Internationaler Rat f\u00fcr Denkmalpflege), ist eine internationale Nichtregierungsorganisation, die sich [&hellip;]<\/p>\n","protected":false},"author":1,"featured_media":0,"parent":0,"menu_order":0,"comment_status":"closed","ping_status":"closed","template":"","meta":{"editor_plus_copied_stylings":"{}","pgc_sgb_lightbox_settings":"","footnotes":""},"class_list":["post-56","page","type-page","status-publish","hentry"],"_links":{"self":[{"href":"https:\/\/eccofort.eu\/en\/wp-json\/wp\/v2\/pages\/56","targetHints":{"allow":["GET"]}}],"collection":[{"href":"https:\/\/eccofort.eu\/en\/wp-json\/wp\/v2\/pages"}],"about":[{"href":"https:\/\/eccofort.eu\/en\/wp-json\/wp\/v2\/types\/page"}],"author":[{"embeddable":true,"href":"https:\/\/eccofort.eu\/en\/wp-json\/wp\/v2\/users\/1"}],"replies":[{"embeddable":true,"href":"https:\/\/eccofort.eu\/en\/wp-json\/wp\/v2\/comments?post=56"}],"version-history":[{"count":6,"href":"https:\/\/eccofort.eu\/en\/wp-json\/wp\/v2\/pages\/56\/revisions"}],"predecessor-version":[{"id":218,"href":"https:\/\/eccofort.eu\/en\/wp-json\/wp\/v2\/pages\/56\/revisions\/218"}],"wp:attachment":[{"href":"https:\/\/eccofort.eu\/en\/wp-json\/wp\/v2\/media?parent=56"}],"curies":[{"name":"wp","href":"https:\/\/api.w.org\/{rel}","templated":true}]}}